{"id":16,"date":"2020-01-30T00:21:28","date_gmt":"2020-01-30T00:21:28","guid":{"rendered":"http:\/\/partnersrentacar.cl\/?page_id=16"},"modified":"2020-02-04T20:53:07","modified_gmt":"2020-02-04T23:53:07","slug":"flota","status":"publish","type":"page","link":"https:\/\/partnersrentacar.cl\/index.php\/flota\/","title":{"rendered":"Flota"},"content":{"rendered":"\t\t<div data-elementor-type=\"wp-page\" data-elementor-id=\"16\" class=\"elementor elementor-16\" data-elementor-settings=\"[]\">\n\t\t\t\t\t\t<div class=\"elementor-inner\">\n\t\t\t\t\t\t\t<div class=\"elementor-section-wrap\">\n\t\t\t\t\t\t\t<section class=\"elementor-section elementor-top-section elementor-element elementor-element-3e73d96 elementor-section-boxed elementor-section-height-default elementor-section-height-default\" data-id=\"3e73d96\" data-element_type=\"section\">\n\t\t\t\t\t\t<div class=\"elementor-container elementor-column-gap-default\">\n\t\t\t\t\t\t\t<div class=\"elementor-row\">\n\t\t\t\t\t<div class=\"elementor-column elementor-col-100 elementor-top-column elementor-element elementor-element-24eb731\" data-id=\"24eb731\" data-element_type=\"column\">\n\t\t\t<div class=\"elementor-column-wrap elementor-element-populated\">\n\t\t\t\t\t\t\t<div class=\"elementor-widget-wrap\">\n\t\t\t\t\t\t<div class=\"elementor-element elementor-element-5aad236 elementor-widget elementor-widget-image-gallery\" data-id=\"5aad236\" data-element_type=\"widget\" data-widget_type=\"image-gallery.default\">\n\t\t\t\t<div class=\"elementor-widget-container\">\n\t\t\t\t\t<div class=\"elementor-image-gallery\">\n\t\t\t<div id='gallery-1' class='gallery galleryid-16 gallery-columns-5 gallery-size-medium'><figure class='gallery-item'>\n\t\t\t<div class='gallery-icon landscape'>\n\t\t\t\t<a data-elementor-open-lightbox=\"yes\" data-elementor-lightbox-slideshow=\"5aad236\" data-elementor-lightbox-title=\"chevrolet-sail\" href='https:\/\/partnersrentacar.cl\/wp-content\/uploads\/2020\/01\/chevrolet-sail.png'><img width=\"300\" height=\"188\" src=\"https:\/\/partnersrentacar.cl\/wp-content\/uploads\/2020\/01\/chevrolet-sail.png\" class=\"attachment-medium size-medium\" alt=\"\" loading=\"lazy\" aria-describedby=\"gallery-1-29\" \/><\/a>\n\t\t\t<\/div>\n\t\t\t\t<figcaption class='wp-caption-text gallery-caption' id='gallery-1-29'>\n\t\t\t\tSail\n\t\t\t\t<\/figcaption><\/figure><figure class='gallery-item'>\n\t\t\t<div class='gallery-icon landscape'>\n\t\t\t\t<a data-elementor-open-lightbox=\"yes\" data-elementor-lightbox-slideshow=\"5aad236\" data-elementor-lightbox-title=\"prisma copia\" href='https:\/\/partnersrentacar.cl\/wp-content\/uploads\/2020\/01\/prisma-copia.png'><img width=\"300\" height=\"188\" src=\"https:\/\/partnersrentacar.cl\/wp-content\/uploads\/2020\/01\/prisma-copia.png\" class=\"attachment-medium size-medium\" alt=\"\" loading=\"lazy\" aria-describedby=\"gallery-1-27\" \/><\/a>\n\t\t\t<\/div>\n\t\t\t\t<figcaption class='wp-caption-text gallery-caption' id='gallery-1-27'>\n\t\t\t\tPrisma\n\t\t\t\t<\/figcaption><\/figure><figure class='gallery-item'>\n\t\t\t<div class='gallery-icon landscape'>\n\t\t\t\t<a data-elementor-open-lightbox=\"yes\" data-elementor-lightbox-slideshow=\"5aad236\" data-elementor-lightbox-title=\"cobalt_3 copia\" href='https:\/\/partnersrentacar.cl\/wp-content\/uploads\/2020\/01\/cobalt_3-copia.png'><img width=\"300\" height=\"188\" src=\"https:\/\/partnersrentacar.cl\/wp-content\/uploads\/2020\/01\/cobalt_3-copia.png\" class=\"attachment-medium size-medium\" alt=\"\" loading=\"lazy\" aria-describedby=\"gallery-1-25\" \/><\/a>\n\t\t\t<\/div>\n\t\t\t\t<figcaption class='wp-caption-text gallery-caption' id='gallery-1-25'>\n\t\t\t\tCobalt\n\t\t\t\t<\/figcaption><\/figure><figure class='gallery-item'>\n\t\t\t<div class='gallery-icon landscape'>\n\t\t\t\t<a data-elementor-open-lightbox=\"yes\" data-elementor-lightbox-slideshow=\"5aad236\" data-elementor-lightbox-title=\"mitsubishiL200_sin_logo_gris\" href='https:\/\/partnersrentacar.cl\/wp-content\/uploads\/2020\/01\/mitsubishiL200_sin_logo_gris.png'><img width=\"300\" height=\"188\" src=\"https:\/\/partnersrentacar.cl\/wp-content\/uploads\/2020\/01\/mitsubishiL200_sin_logo_gris.png\" class=\"attachment-medium size-medium\" alt=\"\" loading=\"lazy\" aria-describedby=\"gallery-1-24\" \/><\/a>\n\t\t\t<\/div>\n\t\t\t\t<figcaption class='wp-caption-text gallery-caption' id='gallery-1-24'>\n\t\t\t\tL200\n\t\t\t\t<\/figcaption><\/figure><figure class='gallery-item'>\n\t\t\t<div class='gallery-icon landscape'>\n\t\t\t\t<a data-elementor-open-lightbox=\"yes\" data-elementor-lightbox-slideshow=\"5aad236\" data-elementor-lightbox-title=\"chevrolet2\" href='https:\/\/partnersrentacar.cl\/wp-content\/uploads\/2020\/01\/chevrolet2.png'><img width=\"300\" height=\"188\" src=\"https:\/\/partnersrentacar.cl\/wp-content\/uploads\/2020\/01\/chevrolet2.png\" class=\"attachment-medium size-medium\" alt=\"\" loading=\"lazy\" aria-describedby=\"gallery-1-20\" \/><\/a>\n\t\t\t<\/div>\n\t\t\t\t<figcaption class='wp-caption-text gallery-caption' id='gallery-1-20'>\n\t\t\t\tColorado\n\t\t\t\t<\/figcaption><\/figure>\n\t\t<\/div>\n\t\t<\/div>\n\t\t\t\t<\/div>\n\t\t\t\t<\/div>\n\t\t\t\t\t\t<\/div>\n\t\t\t\t\t<\/div>\n\t\t<\/div>\n\t\t\t\t\t\t\t\t<\/div>\n\t\t\t\t\t<\/div>\n\t\t<\/section>\n\t\t\t\t<section class=\"elementor-section elementor-top-section elementor-element elementor-element-3b576d9 elementor-section-boxed elementor-section-height-default elementor-section-height-default\" data-id=\"3b576d9\" data-element_type=\"section\">\n\t\t\t\t\t\t<div class=\"elementor-container elementor-column-gap-default\">\n\t\t\t\t\t\t\t<div class=\"elementor-row\">\n\t\t\t\t\t<div class=\"elementor-column elementor-col-100 elementor-top-column elementor-element elementor-element-a5660b4\" data-id=\"a5660b4\" data-element_type=\"column\">\n\t\t\t<div class=\"elementor-column-wrap elementor-element-populated\">\n\t\t\t\t\t\t\t<div class=\"elementor-widget-wrap\">\n\t\t\t\t\t\t<div class=\"elementor-element elementor-element-c988989 elementor-widget elementor-widget-text-editor\" data-id=\"c988989\" data-element_type=\"widget\" data-widget_type=\"text-editor.default\">\n\t\t\t\t<div class=\"elementor-widget-container\">\n\t\t\t\t\t<div class=\"elementor-text-editor elementor-clearfix\"><h3>Partners Rent a Car actualmente mantiene una flota de veh\u00edculos sed\u00e1n transmisi\u00f3n mec\u00e1nica y autom\u00e1tica y camionetas transmisi\u00f3n mec\u00e1nica y autom\u00e1tica, los cuales est\u00e1n disponibles para solucionar las necesidades de transporte de clientes de compa\u00f1\u00edas aseguradoras, empresas y particulares.<\/h3><\/div>\n\t\t\t\t<\/div>\n\t\t\t\t<\/div>\n\t\t\t\t\t\t<\/div>\n\t\t\t\t\t<\/div>\n\t\t<\/div>\n\t\t\t\t\t\t\t\t<\/div>\n\t\t\t\t\t<\/div>\n\t\t<\/section>\n\t\t\t\t<section class=\"elementor-section elementor-top-section elementor-element elementor-element-ddb1666 elementor-section-boxed elementor-section-height-default elementor-section-height-default\" data-id=\"ddb1666\" data-element_type=\"section\">\n\t\t\t\t\t\t<div class=\"elementor-container elementor-column-gap-default\">\n\t\t\t\t\t\t\t<div class=\"elementor-row\">\n\t\t\t\t\t<div class=\"elementor-column elementor-col-100 elementor-top-column elementor-element elementor-element-18822aa\" data-id=\"18822aa\" data-element_type=\"column\">\n\t\t\t<div class=\"elementor-column-wrap elementor-element-populated\">\n\t\t\t\t\t\t\t<div class=\"elementor-widget-wrap\">\n\t\t\t\t\t\t<div class=\"elementor-element elementor-element-85445b0 elementor-widget elementor-widget-accordion\" data-id=\"85445b0\" data-element_type=\"widget\" data-widget_type=\"accordion.default\">\n\t\t\t\t<div class=\"elementor-widget-container\">\n\t\t\t\t\t<div class=\"elementor-accordion\" role=\"tablist\">\n\t\t\t\t\t\t\t<div class=\"elementor-accordion-item\">\n\t\t\t\t\t<div id=\"elementor-tab-title-1391\" class=\"elementor-tab-title\" data-tab=\"1\" role=\"tab\" aria-controls=\"elementor-tab-content-1391\">\n\t\t\t\t\t\t\t\t\t\t\t\t\t<span class=\"elementor-accordion-icon elementor-accordion-icon-left\" aria-hidden=\"true\">\n\t\t\t\t\t\t\t\t\t\t\t\t\t\t\t<span class=\"elementor-accordion-icon-closed\"><i class=\"fas fa-plus\"><\/i><\/span>\n\t\t\t\t\t\t\t\t<span class=\"elementor-accordion-icon-opened\"><i class=\"fas fa-minus\"><\/i><\/span>\n\t\t\t\t\t\t\t\t\t\t\t\t\t\t<\/span>\n\t\t\t\t\t\t\t\t\t\t\t\t<a class=\"elementor-accordion-title\" href=\"\">Autos<\/a>\n\t\t\t\t\t<\/div>\n\t\t\t\t\t<div id=\"elementor-tab-content-1391\" class=\"elementor-tab-content elementor-clearfix\" data-tab=\"1\" role=\"tabpanel\" aria-labelledby=\"elementor-tab-title-1391\"><h6><strong>SAIL<\/strong><\/h6><ul><li>Transmisi\u00f3n: Mec\u00e1nica<\/li><li>Combustible: Bencina<\/li><li>A\/C<\/li><li>Direcci\u00f3n Hidr\u00e1ulica<\/li><li>Categor\u00eda: B\u00e1sico<\/li><li><a href=\"http:\/\/partnersrentacar.cl\/wp-content\/uploads\/2020\/01\/04_chevrolet_sail.pdf\" target=\"_blank\" rel=\"noopener\">Ver Ficha&#8230;<\/a><\/li><\/ul><h6><strong>PRISMA<\/strong><\/h6><ul><li>Transmisi\u00f3n: Autom\u00e1tica<\/li><li>Combustible: Bencina<\/li><li>A\/C<\/li><li>Direcci\u00f3n Hidr\u00e1ulica<\/li><li>Categor\u00eda: Media<\/li><li><a href=\"http:\/\/partnersrentacar.cl\/wp-content\/uploads\/2020\/01\/03_chevrolet_prisma.pdf\" target=\"_blank\" rel=\"noopener\">Ver Ficha&#8230;<\/a><\/li><\/ul><h6><strong>COBALT<\/strong><\/h6><ul><li>Transmisi\u00f3n: Mec\u00e1nica y Autom\u00e1tica<\/li><li>Combustible: Bencina<\/li><li>A\/C<\/li><li>Direcci\u00f3n Hidr\u00e1ulica<\/li><li>Categor\u00eda: Premium<\/li><li><a href=\"http:\/\/partnersrentacar.cl\/wp-content\/uploads\/2020\/01\/02_cevrolet_cobalt.pdf\" target=\"_blank\" rel=\"noopener\">Ver Ficha&#8230;<\/a><\/li><\/ul><\/div>\n\t\t\t\t<\/div>\n\t\t\t\t\t\t\t<div class=\"elementor-accordion-item\">\n\t\t\t\t\t<div id=\"elementor-tab-title-1392\" class=\"elementor-tab-title\" data-tab=\"2\" role=\"tab\" aria-controls=\"elementor-tab-content-1392\">\n\t\t\t\t\t\t\t\t\t\t\t\t\t<span class=\"elementor-accordion-icon elementor-accordion-icon-left\" aria-hidden=\"true\">\n\t\t\t\t\t\t\t\t\t\t\t\t\t\t\t<span class=\"elementor-accordion-icon-closed\"><i class=\"fas fa-plus\"><\/i><\/span>\n\t\t\t\t\t\t\t\t<span class=\"elementor-accordion-icon-opened\"><i class=\"fas fa-minus\"><\/i><\/span>\n\t\t\t\t\t\t\t\t\t\t\t\t\t\t<\/span>\n\t\t\t\t\t\t\t\t\t\t\t\t<a class=\"elementor-accordion-title\" href=\"\">Camionetas<\/a>\n\t\t\t\t\t<\/div>\n\t\t\t\t\t<div id=\"elementor-tab-content-1392\" class=\"elementor-tab-content elementor-clearfix\" data-tab=\"2\" role=\"tabpanel\" aria-labelledby=\"elementor-tab-title-1392\"><ul><li>Transmisi\u00f3n: Mec\u00e1nica y Autom\u00e1ticas<\/li><li>Combustible: Di\u00e9sel<\/li><li>Tracci\u00f3n: 4\u00d72 y 4\u00d74<\/li><li>Direcci\u00f3n: Hidr\u00e1ulica<\/li><\/ul><ul><li><a href=\"http:\/\/partnersrentacar.cl\/wp-content\/uploads\/2020\/01\/01_mitsubishi_l200.pdf\" target=\"_blank\" rel=\"noopener\">Ver Ficha L200&#8230;<\/a><\/li><li><a href=\"http:\/\/partnersrentacar.cl\/wp-content\/uploads\/2020\/01\/05_chevrolet_colorado.pdf\" target=\"_blank\" rel=\"noopener\">Ver Ficha Colorado&#8230;<\/a><\/li><\/ul><\/div>\n\t\t\t\t<\/div>\n\t\t\t\t\t<\/div>\n\t\t\t\t<\/div>\n\t\t\t\t<\/div>\n\t\t\t\t\t\t<\/div>\n\t\t\t\t\t<\/div>\n\t\t<\/div>\n\t\t\t\t\t\t\t\t<\/div>\n\t\t\t\t\t<\/div>\n\t\t<\/section>\n\t\t\t\t<section class=\"elementor-section elementor-top-section elementor-element elementor-element-dd98dd0 elementor-section-boxed elementor-section-height-default elementor-section-height-default\" data-id=\"dd98dd0\" data-element_type=\"section\">\n\t\t\t\t\t\t<div class=\"elementor-container elementor-column-gap-default\">\n\t\t\t\t\t\t\t<div class=\"elementor-row\">\n\t\t\t\t\t<div class=\"elementor-column elementor-col-100 elementor-top-column elementor-element elementor-element-4d1a648e\" data-id=\"4d1a648e\" data-element_type=\"column\">\n\t\t\t<div class=\"elementor-column-wrap elementor-element-populated\">\n\t\t\t\t\t\t\t<div class=\"elementor-widget-wrap\">\n\t\t\t\t\t\t<div class=\"elementor-element elementor-element-460ba1ec elementor-align-center elementor-widget elementor-widget-button\" data-id=\"460ba1ec\" data-element_type=\"widget\" data-widget_type=\"button.default\">\n\t\t\t\t<div class=\"elementor-widget-container\">\n\t\t\t\t\t<div class=\"elementor-button-wrapper\">\n\t\t\t<a href=\"http:\/\/partnersrentacar.cl\/index.php\/contacto\/\" class=\"elementor-button-link elementor-button elementor-size-sm\" role=\"button\">\n\t\t\t\t\t\t<span class=\"elementor-button-content-wrapper\">\n\t\t\t\t\t\t<span class=\"elementor-button-text\">Contactar<\/span>\n\t\t<\/span>\n\t\t\t\t\t<\/a>\n\t\t<\/div>\n\t\t\t\t<\/div>\n\t\t\t\t<\/div>\n\t\t\t\t\t\t<\/div>\n\t\t\t\t\t<\/div>\n\t\t<\/div>\n\t\t\t\t\t\t\t\t<\/div>\n\t\t\t\t\t<\/div>\n\t\t<\/section>\n\t\t\t\t\t\t<\/div>\n\t\t\t\t\t\t<\/div>\n\t\t\t\t\t<\/div>\n\t\t","protected":false},"excerpt":{"rendered":"<p>Sail Prisma Cobalt L200 Colorado Partners Rent a Car actualmente mantiene una flota de veh\u00edculos sed\u00e1n transmisi\u00f3n mec\u00e1nica y autom\u00e1tica y camionetas transmisi\u00f3n mec\u00e1nica y autom\u00e1tica, los cuales est\u00e1n disponibles para solucionar las necesidades de transporte de clientes de compa\u00f1\u00edas aseguradoras, empresas y particulares. Autos SAIL Transmisi\u00f3n: Mec\u00e1nica Combustible: Bencina A\/C Direcci\u00f3n Hidr\u00e1ulica Categor\u00eda: B\u00e1sico [&hellip;]<\/p>\n","protected":false},"author":1,"featured_media":0,"parent":0,"menu_order":0,"comment_status":"closed","ping_status":"closed","template":"elementor_header_footer","meta":[],"_links":{"self":[{"href":"https:\/\/partnersrentacar.cl\/index.php\/wp-json\/wp\/v2\/pages\/16"}],"collection":[{"href":"https:\/\/partnersrentacar.cl\/index.php\/wp-json\/wp\/v2\/pages"}],"about":[{"href":"https:\/\/partnersrentacar.cl\/index.php\/wp-json\/wp\/v2\/types\/page"}],"author":[{"embeddable":true,"href":"https:\/\/partnersrentacar.cl\/index.php\/wp-json\/wp\/v2\/users\/1"}],"replies":[{"embeddable":true,"href":"https:\/\/partnersrentacar.cl\/index.php\/wp-json\/wp\/v2\/comments?post=16"}],"version-history":[{"count":9,"href":"https:\/\/partnersrentacar.cl\/index.php\/wp-json\/wp\/v2\/pages\/16\/revisions"}],"predecessor-version":[{"id":125,"href":"https:\/\/partnersrentacar.cl\/index.php\/wp-json\/wp\/v2\/pages\/16\/revisions\/125"}],"wp:attachment":[{"href":"https:\/\/partnersrentacar.cl\/index.php\/wp-json\/wp\/v2\/media?parent=16"}],"curies":[{"name":"wp","href":"https:\/\/api.w.org\/{rel}","templated":true}]}}